{"id":3610,"date":"2011-04-09T21:10:31","date_gmt":"2011-04-09T19:10:31","guid":{"rendered":"http:\/\/www.banjavrujci.info\/?page_id=3610"},"modified":"2011-05-25T16:51:32","modified_gmt":"2011-05-25T14:51:32","slug":"struganik","status":"publish","type":"page","link":"https:\/\/www.banjavrujci.info\/english\/about-banja-vrujci\/surrounding-area\/struganik\/","title":{"rendered":"Struganik"},"content":{"rendered":"<p><strong>Struganik (7km from Banja Vrujci) is born place of duke \u017divojin Mi\u0161i\u0107 (1855-1921) and his born house is located here.<\/strong><\/p>\n<p>Today the house of the duke Zivojin Misic belongs to the memorial complex comprising historical and ethnological departments. Within the museum there is a theme exhibition presenting Zivojin Misic in the frame of historical events at the end of the 19th and the beginning of the 20th century. The accent is given to those events in which the duke had a major role and which are taught and studied at military academies all around the world.<\/p>\n<p><img loading=\"lazy\" decoding=\"async\" src=\"https:\/\/www.banjavrujci.info\/english\/wp-content\/uploads\/2011\/04\/struganik.jpg\" alt=\"born house of Zivojin Misic\" title=\"struganik - born house of Zivojin Misic\" width=\"560\" height=\"271\" class=\"aligncenter size-full wp-image-3661\" srcset=\"https:\/\/www.banjavrujci.info\/english\/wp-content\/uploads\/2011\/04\/struganik.jpg 560w, https:\/\/www.banjavrujci.info\/english\/wp-content\/uploads\/2011\/04\/struganik-300x145.jpg 300w\" sizes=\"(max-width: 560px) 100vw, 560px\" \/><br \/>\nIn the house of the duke Misic there are chronologically presented his descent, childhood, education, the history of the family Misic. The exhibition also presents his military career in the Balkan wars led for the independence of the country, the First World War with an accent on the Kolubarska battle, later on his illness, his last days, rewards and his contribution to the military science.<\/p>\n<p><img loading=\"lazy\" decoding=\"async\" src=\"https:\/\/www.banjavrujci.info\/english\/wp-content\/uploads\/2011\/04\/struganicki-kamen.jpg\" alt=\"natural stone from Struganik\" title=\"natural stone from Struganik\" width=\"560\" height=\"148\" class=\"aligncenter size-full wp-image-3663\" srcset=\"https:\/\/www.banjavrujci.info\/english\/wp-content\/uploads\/2011\/04\/struganicki-kamen.jpg 560w, https:\/\/www.banjavrujci.info\/english\/wp-content\/uploads\/2011\/04\/struganicki-kamen-300x79.jpg 300w\" sizes=\"(max-width: 560px) 100vw, 560px\" \/><\/p>\n<p><a href=\"https:\/\/www.banjavrujci.info\/english\/gallery\/photo-gallery\/struganik-photos\/\">Struganik photo gallery<\/a><\/p>\n","protected":false},"excerpt":{"rendered":"<p>Struganik (7km from Banja Vrujci) is born place of duke \u017divojin Mi\u0161i\u0107 (1855-1921) and his born house is located here. Today the house of the duke Zivojin Misic belongs to the memorial complex comprising historical and ethnological departments. Within the museum there is a theme exhibition presenting Zivojin Misic in the frame of historical events [&hellip;]<\/p>\n","protected":false},"author":3,"featured_media":0,"parent":259,"menu_order":0,"comment_status":"open","ping_status":"open","template":"","meta":{"footnotes":""},"_links":{"self":[{"href":"https:\/\/www.banjavrujci.info\/english\/wp-json\/wp\/v2\/pages\/3610"}],"collection":[{"href":"https:\/\/www.banjavrujci.info\/english\/wp-json\/wp\/v2\/pages"}],"about":[{"href":"https:\/\/www.banjavrujci.info\/english\/wp-json\/wp\/v2\/types\/page"}],"author":[{"embeddable":true,"href":"https:\/\/www.banjavrujci.info\/english\/wp-json\/wp\/v2\/users\/3"}],"replies":[{"embeddable":true,"href":"https:\/\/www.banjavrujci.info\/english\/wp-json\/wp\/v2\/comments?post=3610"}],"version-history":[{"count":0,"href":"https:\/\/www.banjavrujci.info\/english\/wp-json\/wp\/v2\/pages\/3610\/revisions"}],"up":[{"embeddable":true,"href":"https:\/\/www.banjavrujci.info\/english\/wp-json\/wp\/v2\/pages\/259"}],"wp:attachment":[{"href":"https:\/\/www.banjavrujci.info\/english\/wp-json\/wp\/v2\/media?parent=3610"}],"curies":[{"name":"wp","href":"https:\/\/api.w.org\/{rel}","templated":true}]}}